{"id":89,"date":"2019-02-27T15:34:47","date_gmt":"2019-02-27T14:34:47","guid":{"rendered":"http:\/\/mepcm.fr\/?page_id=89"},"modified":"2026-03-17T14:54:40","modified_gmt":"2026-03-17T13:54:40","slug":"les-garanties-du-contrat-collectif","status":"publish","type":"page","link":"https:\/\/mepcm.fr\/?page_id=89","title":{"rendered":"Les garanties du contrat collectif"},"content":{"rendered":"<h2><span style=\"color: #0000ff;\">La MEPCM propose un contrat collectif \u00e0 adh\u00e9sion individuelle dit \u00ab\u00a0responsable\u00a0\u00bb dont les garanties sont assur\u00e9es par la mutuelle HARMONIE MUTUELLE<\/span><\/h2>\n<h3><a href=\"https:\/\/mepcm.fr\/wp-admin\/post.php?post=358&amp;action=edit\" aria-label=\"\u00ab\u00a0MEPCM Feuille infos d\u00e9cembre 2025\u00a0\u00bb (Modifier)\">MEPCM Feuille infos d\u00e9cembre 2025<\/a><\/h3>\n<h3><span style=\"color: #0000ff;\"><a href=\"http:\/\/mepcm.fr\/wp-content\/uploads\/2025\/12\/Offre-complementaire-Sante-2026.pdf\">Offre compl\u00e9mentaire Sant\u00e9 2026<\/a><\/span><\/h3>\n<h3><span style=\"color: #0000ff;\"><a href=\"http:\/\/mepcm.fr\/wp-content\/uploads\/2025\/12\/MEPCM_STATUTS-2026.pdf\">MEPCM_STATUTS 2026<\/a><\/span><\/h3>\n<h3><a href=\"http:\/\/mepcm.fr\/wp-content\/uploads\/2025\/12\/MEPCM_Reglement-interieur-2022-AG-2021.pdf\">MEPCM_R\u00e8glement int\u00e9rieur 2022 AG 2021<\/a><\/h3>\n<h3><a href=\"http:\/\/mepcm.fr\/wp-content\/uploads\/2025\/12\/MEPCM_Reglement-Mutualiste-2026.pdf\">MEPCM_R\u00e8glement Mutualiste 2026<\/a><\/h3>\n<h3><a href=\"http:\/\/mepcm.fr\/wp-content\/uploads\/2025\/12\/RMA-Assistance-Sante-Services.pdf\">RMA Assistance Sant\u00e9 Services<\/a><\/h3>\n<p>&nbsp;<\/p>\n<p>&nbsp;<\/p>\n<p>&nbsp;<\/p>\n<p>&nbsp;<\/p>\n<p>&nbsp;<\/p>\n<p>&nbsp;<\/p>\n<hr \/>\n<p><em>M\u00e9diation des litiges de consommation<\/em><\/p>\n<p><span style=\"color: #993300;\"><i>Conform\u00e9ment a\u0300 l\u2019article L. 612-1 du code de la consommation, le r\u00e9clamant peut recourir gratuitement au service de m\u00e9diation SAS CNPM MEDIATION CONSOMMATION dont rel\u00e8ve la mutuelle : par voie \u00e9lectronique sur le site www.cnpm-mediation-consommation.eu ou par voie postale \u00e0 SAS CNPM M\u00e9diation Consommation \u2013 27 avenue de la Lib\u00e9ration 42400 SAINT-CHAMOND.<\/i><\/span><\/p>\n<div id=\"sconnect-is-installed\" style=\"display: none;\"><\/div>\n","protected":false},"excerpt":{"rendered":"<p>La MEPCM propose un contrat collectif \u00e0 adh\u00e9sion individuelle dit \u00ab\u00a0responsable\u00a0\u00bb dont les garanties sont assur\u00e9es par la mutuelle HARMONIE MUTUELLE MEPCM Feuille infos d\u00e9cembre 2025 Offre compl\u00e9mentaire Sant\u00e9 2026 MEPCM_STATUTS 2026 MEPCM_R\u00e8glement int\u00e9rieur 2022 AG 2021 MEPCM_R\u00e8glement Mutualiste 2026 RMA Assistance Sant\u00e9 Services &nbsp; &nbsp; &nbsp; &nbsp; &nbsp; &nbsp; M\u00e9diation des litiges de consommation &hellip; <\/p>\n<p class=\"link-more\"><a href=\"https:\/\/mepcm.fr\/?page_id=89\" class=\"more-link\">Continuer la lecture<span class=\"screen-reader-text\"> de &laquo;&nbsp;Les garanties du contrat collectif&nbsp;&raquo;<\/span><\/a><\/p>\n","protected":false},"author":1,"featured_media":0,"parent":0,"menu_order":0,"comment_status":"closed","ping_status":"closed","template":"","meta":[],"_links":{"self":[{"href":"https:\/\/mepcm.fr\/index.php?rest_route=\/wp\/v2\/pages\/89"}],"collection":[{"href":"https:\/\/mepcm.fr\/index.php?rest_route=\/wp\/v2\/pages"}],"about":[{"href":"https:\/\/mepcm.fr\/index.php?rest_route=\/wp\/v2\/types\/page"}],"author":[{"embeddable":true,"href":"https:\/\/mepcm.fr\/index.php?rest_route=\/wp\/v2\/users\/1"}],"replies":[{"embeddable":true,"href":"https:\/\/mepcm.fr\/index.php?rest_route=%2Fwp%2Fv2%2Fcomments&post=89"}],"version-history":[{"count":40,"href":"https:\/\/mepcm.fr\/index.php?rest_route=\/wp\/v2\/pages\/89\/revisions"}],"predecessor-version":[{"id":373,"href":"https:\/\/mepcm.fr\/index.php?rest_route=\/wp\/v2\/pages\/89\/revisions\/373"}],"wp:attachment":[{"href":"https:\/\/mepcm.fr\/index.php?rest_route=%2Fwp%2Fv2%2Fmedia&parent=89"}],"curies":[{"name":"wp","href":"https:\/\/api.w.org\/{rel}","templated":true}]}}