{"id":78,"date":"2019-02-27T14:59:30","date_gmt":"2019-02-27T13:59:30","guid":{"rendered":"http:\/\/mepcm.fr\/?page_id=78"},"modified":"2026-03-17T14:43:53","modified_gmt":"2026-03-17T13:43:53","slug":"accueil-2","status":"publish","type":"page","link":"https:\/\/mepcm.fr\/","title":{"rendered":"Qui sommes nous ?"},"content":{"rendered":"<h2><span style=\"color: #0000ff;\">La <strong>MEPCM<\/strong> est une mutuelle ind\u00e9pendante. Elle propose une compl\u00e9mentaire sant\u00e9 r\u00e9serv\u00e9e aux membres de l\u2019Enseignement Catholique :<br \/>\n<\/span><\/h2>\n<ul>\n<li>\n<h2><span style=\"color: #0000ff;\">Enseignants en activit\u00e9 ou en retraite<\/span><\/h2>\n<\/li>\n<li>\n<h2><span style=\"color: #0000ff;\">Personnels OGEC et UDOGEC en retraite (depuis 2016, ces organismes proposant une mutuelle obligatoire pendant la p\u00e9riode d\u2019activit\u00e9)<\/span><\/h2>\n<\/li>\n<li>Notre mutuelle est substitu\u00e9e par Harmonie Mutuelle qui, elle-m\u00eame, a rejoint le groupe VYV. Elle est r\u00e9gie par le code de la Mutualit\u00e9 Fran\u00e7aise.<\/li>\n<\/ul>\n<p>&nbsp;<\/p>\n<h1 style=\"text-align: center;\"><\/h1>\n<p>&nbsp;<\/p>\n","protected":false},"excerpt":{"rendered":"<p>La MEPCM est une mutuelle ind\u00e9pendante. Elle propose une compl\u00e9mentaire sant\u00e9 r\u00e9serv\u00e9e aux membres de l\u2019Enseignement Catholique : Enseignants en activit\u00e9 ou en retraite Personnels OGEC et UDOGEC en retraite (depuis 2016, ces organismes proposant une mutuelle obligatoire pendant la p\u00e9riode d\u2019activit\u00e9) Notre mutuelle est substitu\u00e9e par Harmonie Mutuelle qui, elle-m\u00eame, a rejoint le groupe &hellip; <\/p>\n<p class=\"link-more\"><a href=\"https:\/\/mepcm.fr\/\" class=\"more-link\">Continuer la lecture<span class=\"screen-reader-text\"> de &laquo;&nbsp;Qui sommes nous ?&nbsp;&raquo;<\/span><\/a><\/p>\n","protected":false},"author":1,"featured_media":0,"parent":45,"menu_order":0,"comment_status":"closed","ping_status":"closed","template":"","meta":[],"_links":{"self":[{"href":"https:\/\/mepcm.fr\/index.php?rest_route=\/wp\/v2\/pages\/78"}],"collection":[{"href":"https:\/\/mepcm.fr\/index.php?rest_route=\/wp\/v2\/pages"}],"about":[{"href":"https:\/\/mepcm.fr\/index.php?rest_route=\/wp\/v2\/types\/page"}],"author":[{"embeddable":true,"href":"https:\/\/mepcm.fr\/index.php?rest_route=\/wp\/v2\/users\/1"}],"replies":[{"embeddable":true,"href":"https:\/\/mepcm.fr\/index.php?rest_route=%2Fwp%2Fv2%2Fcomments&post=78"}],"version-history":[{"count":17,"href":"https:\/\/mepcm.fr\/index.php?rest_route=\/wp\/v2\/pages\/78\/revisions"}],"predecessor-version":[{"id":369,"href":"https:\/\/mepcm.fr\/index.php?rest_route=\/wp\/v2\/pages\/78\/revisions\/369"}],"up":[{"embeddable":true,"href":"https:\/\/mepcm.fr\/index.php?rest_route=\/wp\/v2\/pages\/45"}],"wp:attachment":[{"href":"https:\/\/mepcm.fr\/index.php?rest_route=%2Fwp%2Fv2%2Fmedia&parent=78"}],"curies":[{"name":"wp","href":"https:\/\/api.w.org\/{rel}","templated":true}]}}